{"id":13,"date":"2019-08-06T17:57:12","date_gmt":"2019-08-06T15:57:12","guid":{"rendered":"http:\/\/acquafortisastrology.com\/web\/?page_id=13"},"modified":"2021-11-02T17:29:00","modified_gmt":"2021-11-02T16:29:00","slug":"homepage","status":"publish","type":"page","link":"https:\/\/acquafortisastrology.com\/web\/it\/homepage\/","title":{"rendered":"Homepage"},"content":{"rendered":"<div id=\"pl-13\"  class=\"panel-layout\" ><div id=\"pg-13-0\"  class=\"panel-grid panel-has-style\" ><div id=\"home\" class=\"panel-row-style panel-row-style-for-13-0\" ><div id=\"pgc-13-0-0\"  class=\"panel-grid-cell\" ><div id=\"panel-13-0-0-0\" class=\"so-panel widget widget_siteorigin-panels-builder panel-first-child panel-last-child\" data-index=\"0\" ><div id=\"pl-w618167497ef85\"  class=\"panel-layout\" ><div id=\"pg-w618167497ef85-0\"  class=\"panel-grid panel-no-style\" ><div id=\"pgc-w618167497ef85-0-0\"  class=\"panel-grid-cell panel-grid-cell-empty\" ><\/div><div id=\"pgc-w618167497ef85-0-1\"  class=\"panel-grid-cell panel-grid-cell-mobile-last\" ><div id=\"panel-w618167497ef85-0-1-0\" class=\"so-panel widget widget_sow-image panel-first-child panel-last-child\" data-index=\"0\" ><div\n\t\t\t\n\t\t\tclass=\"so-widget-sow-image so-widget-sow-image-default-c67d20f9f743\"\n\t\t\t\n\t\t>\n\n<div class=\"sow-image-container\">\n\t\t<img loading=\"lazy\" decoding=\"async\" src=\"https:\/\/acquafortisastrology.com\/web\/wp-content\/uploads\/2021\/11\/mew-logo-web1_Tavola-disegno-1-1.png\" width=\"834\" height=\"834\" srcset=\"https:\/\/acquafortisastrology.com\/web\/wp-content\/uploads\/2021\/11\/mew-logo-web1_Tavola-disegno-1-1.png 834w, https:\/\/acquafortisastrology.com\/web\/wp-content\/uploads\/2021\/11\/mew-logo-web1_Tavola-disegno-1-1-300x300.png 300w, https:\/\/acquafortisastrology.com\/web\/wp-content\/uploads\/2021\/11\/mew-logo-web1_Tavola-disegno-1-1-150x150.png 150w, https:\/\/acquafortisastrology.com\/web\/wp-content\/uploads\/2021\/11\/mew-logo-web1_Tavola-disegno-1-1-768x768.png 768w\" sizes=\"auto, (max-width: 834px) 100vw, 834px\" title=\"mew-logo-web1_Tavola disegno 1\" alt=\"\" \t\tclass=\"so-widget-image no-lazyload\"\/>\n\t<\/div>\n\n<\/div><\/div><\/div><div id=\"pgc-w618167497ef85-0-2\"  class=\"panel-grid-cell panel-grid-cell-empty\" ><\/div><\/div><div id=\"pg-w618167497ef85-1\"  class=\"panel-grid panel-no-style\" ><div id=\"pgc-w618167497ef85-1-0\"  class=\"panel-grid-cell panel-grid-cell-empty\" ><\/div><div id=\"pgc-w618167497ef85-1-1\"  class=\"panel-grid-cell panel-grid-cell-mobile-last\" ><div id=\"panel-w618167497ef85-1-1-0\" class=\"widget_text so-panel widget widget_custom_html panel-first-child panel-last-child\" data-index=\"1\" ><div class=\"textwidget custom-html-widget\"><p class=\"claim\" style=\"border-top: 1px solid black; border-bottom: 1px solid black; text-align: center;\">\n\tAncient Astrology for Modern Sacred Living\n\t\n<\/p><\/div><\/div><\/div><div id=\"pgc-w618167497ef85-1-2\"  class=\"panel-grid-cell panel-grid-cell-empty\" ><\/div><\/div><div id=\"pg-w618167497ef85-2\"  class=\"panel-grid panel-no-style\" ><div id=\"pgc-w618167497ef85-2-0\"  class=\"panel-grid-cell panel-grid-cell-empty\" ><\/div><div id=\"pgc-w618167497ef85-2-1\"  class=\"panel-grid-cell panel-grid-cell-mobile-last\" ><div id=\"panel-w618167497ef85-2-1-0\" class=\"widget_text so-panel widget widget_custom_html panel-first-child panel-last-child\" data-index=\"2\" ><div class=\"textwidget custom-html-widget\"><div class=\"info\" style=\"text-align: center;\">\n\t\n<h2>\n\t\tAcquafortis \u00e8 Hilary Spiteri\n<\/h2>\n<p>\nNata nella isola di Malta dove il Nord Africa incontra l\u2019Europe e la Dea risposa, Hilaria Spiteri sin dalla nascita \u00e8 stata esposta a diverse influenze culturali.\nHa il cuore di un animista ed il cervello di un alchimista e fin da piccola era assidua osservatrice delle stelle. Ma ad un certo punto nella sua vita, quando meno se lo aspettava, si innamoro follemente dell\u2019astrologia.\nQuando poi Hathor la chiamo, con molta riluttanza rispose e fu cosi che scopri l\u2019astrologia ellenistica.\nAcquafortis Astrology \u00e8 questo viaggio lungo una vita e l\u2019espressione di quella vocazione pi\u00f9 grande: di rendere semplice, schietta e pratica l\u2019astrologia antica nel vivere moderno quotidiano.\n\n<\/p>\n<\/div><\/div><\/div><\/div><div id=\"pgc-w618167497ef85-2-2\"  class=\"panel-grid-cell panel-grid-cell-empty\" ><\/div><\/div><div id=\"pg-w618167497ef85-3\"  class=\"panel-grid panel-no-style\" ><div id=\"pgc-w618167497ef85-3-0\"  class=\"panel-grid-cell panel-grid-cell-empty\" ><\/div><div id=\"pgc-w618167497ef85-3-1\"  class=\"panel-grid-cell panel-grid-cell-empty\" ><\/div><div id=\"pgc-w618167497ef85-3-2\"  class=\"panel-grid-cell\" ><div id=\"panel-w618167497ef85-3-2-0\" class=\"so-panel widget widget_sow-image panel-first-child panel-last-child\" data-index=\"3\" ><div\n\t\t\t\n\t\t\tclass=\"so-widget-sow-image so-widget-sow-image-default-c67d20f9f743\"\n\t\t\t\n\t\t>\n\n<div class=\"sow-image-container\">\n\t\t<img loading=\"lazy\" decoding=\"async\" src=\"https:\/\/acquafortisastrology.com\/web\/wp-content\/uploads\/2019\/11\/MG_2386.jpg\" width=\"1900\" height=\"1313\" srcset=\"https:\/\/acquafortisastrology.com\/web\/wp-content\/uploads\/2019\/11\/MG_2386.jpg 1900w, https:\/\/acquafortisastrology.com\/web\/wp-content\/uploads\/2019\/11\/MG_2386-300x207.jpg 300w, https:\/\/acquafortisastrology.com\/web\/wp-content\/uploads\/2019\/11\/MG_2386-1024x708.jpg 1024w, https:\/\/acquafortisastrology.com\/web\/wp-content\/uploads\/2019\/11\/MG_2386-768x531.jpg 768w, https:\/\/acquafortisastrology.com\/web\/wp-content\/uploads\/2019\/11\/MG_2386-1536x1061.jpg 1536w\" sizes=\"auto, (max-width: 1900px) 100vw, 1900px\" title=\"Hilary Spiteri\" alt=\"\" \t\tclass=\"so-widget-image no-lazyload\"\/>\n\t<\/div>\n\n<\/div><\/div><\/div><div id=\"pgc-w618167497ef85-3-3\"  class=\"panel-grid-cell panel-grid-cell-empty panel-grid-cell-mobile-last\" ><\/div><div id=\"pgc-w618167497ef85-3-4\"  class=\"panel-grid-cell panel-grid-cell-empty\" ><\/div><\/div><div id=\"pg-w618167497ef85-4\"  class=\"panel-grid panel-no-style\" ><div id=\"pgc-w618167497ef85-4-0\"  class=\"panel-grid-cell panel-grid-cell-empty\" ><\/div><div id=\"pgc-w618167497ef85-4-1\"  class=\"panel-grid-cell panel-grid-cell-mobile-last\" ><div id=\"panel-w618167497ef85-4-1-0\" class=\"widget_text so-panel widget widget_custom_html panel-first-child panel-last-child\" data-index=\"4\" ><div class=\"textwidget custom-html-widget\"><div class=\"info\" style=\"text-align: center;\">\n\t\n<article>\n\t<h2>\n\t\tIl Dono Speciale.\n\t<\/h2>\n<p>\n\n\nHilary ha un dono speciale, quello di riuscire a sentire parlare i pianete e a tradurre le loro storie in modo semplice ed onesto senza indorare la pillola. Le nostre virtue e le nostre pecche vengono descritti senza mezzi termini. Acquafortis \u00e8 cruda, reale e facile da capire.\n\nL\u2019astrologia ellenistica \u00e8 una delle modalit\u00e0 pi\u00f9 antiche e altamente unica nel contesto della astrologia classica. Non molti praticano questa antica sapienza ma essa offre una prospettiva assai sacra sulle nostre lezioni cosmiche. \n\n\t<\/p>\n\t<h2>\n\t\tPerch\u00e9 Acquafortis Astrology?\n\t<\/h2>\n\n<p>\nL\u2019Astrologia \u00e8 una connessione con il Divino. La vita non \u00e8 sempre rosa e fiori. L\u2019Astrologia ci aiuta a dare un contesto a quella parte dura e brutta della vita e forse darle anche un significato. Non c\u2019\u00e8 bisogno che uno capisce l\u2019astrologia. Acquafortis la rende chiara.\nAcquafortis \u00e8 una grande sostenitrice di una comunit\u00e0 globale, che apprezza gente da tutte le razze, generi, gender, ceti sociali e religioni con particolare attenzione al mondo LGBTQ.\n\n\n<\/p>\n\t<\/article>\n<\/div><\/div><\/div><\/div><div id=\"pgc-w618167497ef85-4-2\"  class=\"panel-grid-cell panel-grid-cell-empty\" ><\/div><\/div><div id=\"pg-w618167497ef85-5\"  class=\"panel-grid panel-no-style\" ><div id=\"pgc-w618167497ef85-5-0\"  class=\"panel-grid-cell panel-grid-cell-empty\" ><\/div><div id=\"pgc-w618167497ef85-5-1\"  class=\"panel-grid-cell panel-grid-cell-mobile-last\" ><div id=\"panel-w618167497ef85-5-1-0\" class=\"widget_text so-panel widget widget_custom_html panel-first-child panel-last-child\" data-index=\"5\" ><div class=\"textwidget custom-html-widget\"><div class=\"info\" style=\"text-align: center;\">\n\t\n<aside>\n\t<h2>\n\t\tAstrologia Ellenistica\n\n\t<\/h2>\n<p>\nL\u2019astrologia ellenistica emerge dalla astrologia Babilonese e Egizia. La prima documentata scoperta \u00e8 intorno al 200 A.C. nella citt\u00e0 di Alessandria D\u2019Egitto sotto l\u2019impero Tolemaico.\nIl primo zodiaco completo ad essere dipinto fu a Dendera, il Tempio dedicato a Hathor.\nFu solo una questione di tempo che, l\u2019astrologia che vide la luce nel medio oriente, si sparse ad Ovest verso l\u2019Europa.\nL\u2019Astrologia Ellenistica fu persa quando l\u2019impero Romano e poi eventualmente l\u2019Impero Bizantino crollarono.\nPero nel 1993 l\u2019astrologia ellenistica fu riscoperta attraverso il Progetto Hindsight. Questo progetto coinvolgeva un gruppo di astrologi che con molta dedizione cominciarono a tradurre i testi astrologici della epoca greco-egizia, metterli in pratica astrologica e poi insegnarli ad altri astrologi.\nIo ho l\u2019onore e il privilegio di fare parte di quel lignaggio astrologico e di offrire questo servizio.\n\n\t<\/p>\n\t\n\t<\/aside>\n<\/div><\/div><\/div><\/div><div id=\"pgc-w618167497ef85-5-2\"  class=\"panel-grid-cell panel-grid-cell-empty\" ><\/div><\/div><div id=\"pg-w618167497ef85-6\"  class=\"panel-grid panel-no-style\" ><div id=\"pgc-w618167497ef85-6-0\"  class=\"panel-grid-cell panel-grid-cell-empty\" ><\/div><div id=\"pgc-w618167497ef85-6-1\"  class=\"panel-grid-cell panel-grid-cell-mobile-last\" ><div id=\"panel-w618167497ef85-6-1-0\" class=\"so-panel widget widget_sow-image panel-first-child\" data-index=\"6\" ><div\n\t\t\t\n\t\t\tclass=\"so-widget-sow-image so-widget-sow-image-default-c67d20f9f743\"\n\t\t\t\n\t\t>\n\n<div class=\"sow-image-container\">\n\t\t<img loading=\"lazy\" decoding=\"async\" src=\"https:\/\/acquafortisastrology.com\/web\/wp-content\/uploads\/2019\/11\/Astrology_the_Egyptian_zodiac._Coloured_engraving_by_J._Cha_Wellcome_V0024917-1-scaled-e1574369669378.jpg\" width=\"802\" height=\"900\" sizes=\"auto, (max-width: 802px) 100vw, 802px\" title=\"V0024917 Astrology: the Egyptian zodiac. Coloured engraving by J. Cha\nCredit: Wellcome Library, London. Wellcome Images\nimages@wellcome.ac.uk\nhttp:\/\/wellcomeimages.org\nAstrology: the Egyptian zodiac. Coloured engraving by J. Chapman after Denon.\nBy: Vivant Denonafter: John ChapmanPublished:  - \n\nCopyrighted work available under Creative Commons Attribution only licence CC BY 4.0 http:\/\/creativecommons.org\/licenses\/by\/4.0\/\" alt=\"\" \t\tclass=\"so-widget-image no-lazyload\"\/>\n\t<\/div>\n\n<\/div><\/div><div id=\"panel-w618167497ef85-6-1-1\" class=\"so-panel widget widget_sow-editor panel-last-child\" data-index=\"7\" ><div\n\t\t\t\n\t\t\tclass=\"so-widget-sow-editor so-widget-sow-editor-base\"\n\t\t\t\n\t\t>\n<div class=\"siteorigin-widget-tinymce textwidget\">\n\t<h2 style=\"text-align: center;\">Zodiaco di Dendera<\/h2>\n<\/div>\n<\/div><\/div><\/div><div id=\"pgc-w618167497ef85-6-2\"  class=\"panel-grid-cell panel-grid-cell-empty\" ><\/div><\/div><\/div><\/div><\/div><\/div><\/div><\/div>","protected":false},"excerpt":{"rendered":"<p>Ancient Astrology for Modern Sacred Living Acquafortis \u00e8 Hilary Spiteri Nata nella isola di Malta dove il Nord Africa incontra l\u2019Europe e la Dea risposa, Hilaria Spiteri sin dalla nascita \u00e8 stata esposta a diverse influenze culturali. Ha il cuore di un animista ed il cervello di un alchimista e fin da piccola era assidua &#8230; <a title=\"Homepage\" class=\"read-more\" href=\"https:\/\/acquafortisastrology.com\/web\/it\/homepage\/\" aria-label=\"Per saperne di pi\u00f9 su Homepage\">Leggi tutto<\/a><\/p>\n","protected":false},"author":1,"featured_media":0,"parent":0,"menu_order":0,"comment_status":"closed","ping_status":"closed","template":"","meta":{"footnotes":""},"class_list":["post-13","page","type-page","status-publish"],"aioseo_notices":[],"_links":{"self":[{"href":"https:\/\/acquafortisastrology.com\/web\/wp-json\/wp\/v2\/pages\/13","targetHints":{"allow":["GET"]}}],"collection":[{"href":"https:\/\/acquafortisastrology.com\/web\/wp-json\/wp\/v2\/pages"}],"about":[{"href":"https:\/\/acquafortisastrology.com\/web\/wp-json\/wp\/v2\/types\/page"}],"author":[{"embeddable":true,"href":"https:\/\/acquafortisastrology.com\/web\/wp-json\/wp\/v2\/users\/1"}],"replies":[{"embeddable":true,"href":"https:\/\/acquafortisastrology.com\/web\/wp-json\/wp\/v2\/comments?post=13"}],"version-history":[{"count":71,"href":"https:\/\/acquafortisastrology.com\/web\/wp-json\/wp\/v2\/pages\/13\/revisions"}],"predecessor-version":[{"id":1288,"href":"https:\/\/acquafortisastrology.com\/web\/wp-json\/wp\/v2\/pages\/13\/revisions\/1288"}],"wp:attachment":[{"href":"https:\/\/acquafortisastrology.com\/web\/wp-json\/wp\/v2\/media?parent=13"}],"curies":[{"name":"wp","href":"https:\/\/api.w.org\/{rel}","templated":true}]}}