{"id":19,"date":"2019-08-06T18:00:46","date_gmt":"2019-08-06T16:00:46","guid":{"rendered":"http:\/\/acquafortisastrology.com\/web\/?page_id=19"},"modified":"2023-01-15T10:32:53","modified_gmt":"2023-01-15T09:32:53","slug":"bio","status":"publish","type":"page","link":"https:\/\/acquafortisastrology.com\/web\/it\/bio\/","title":{"rendered":"Chi sono"},"content":{"rendered":"<div id=\"pl-19\"  class=\"panel-layout\" ><div id=\"pg-19-0\"  class=\"panel-grid panel-has-style\" ><div id=\"bio\" class=\"panel-row-style panel-row-style-for-19-0\" ><div id=\"pgc-19-0-0\"  class=\"panel-grid-cell\" ><div id=\"panel-19-0-0-0\" class=\"so-panel widget widget_siteorigin-panels-builder panel-first-child panel-last-child\" data-index=\"0\" ><div id=\"pl-w63c3c845d07f0\"  class=\"panel-layout\" ><div id=\"pg-w63c3c845d07f0-0\"  class=\"panel-grid panel-no-style\" ><div id=\"pgc-w63c3c845d07f0-0-0\"  class=\"panel-grid-cell panel-grid-cell-empty\" ><\/div><div id=\"pgc-w63c3c845d07f0-0-1\"  class=\"panel-grid-cell panel-grid-cell-mobile-last\" ><div id=\"panel-w63c3c845d07f0-0-1-0\" class=\"widget_text so-panel widget widget_custom_html panel-first-child panel-last-child\" data-index=\"0\" ><div class=\"textwidget custom-html-widget\"><h1 style=\"text-align: center; color:#fff;\">\n\tChi sono\n<\/h1>\n<hr style=\"border: 2px solid white; display: block;\"><\/div><\/div><\/div><div id=\"pgc-w63c3c845d07f0-0-2\"  class=\"panel-grid-cell panel-grid-cell-empty\" ><\/div><\/div><div id=\"pg-w63c3c845d07f0-1\"  class=\"panel-grid panel-no-style\" ><div id=\"pgc-w63c3c845d07f0-1-0\"  class=\"panel-grid-cell panel-grid-cell-empty\" ><\/div><div id=\"pgc-w63c3c845d07f0-1-1\"  class=\"panel-grid-cell panel-grid-cell-mobile-last\" ><div id=\"panel-w63c3c845d07f0-1-1-0\" class=\"so-panel widget widget_sow-image panel-first-child panel-last-child\" data-index=\"1\" ><div\n\t\t\t\n\t\t\tclass=\"so-widget-sow-image so-widget-sow-image-default-8b5b6f678277\"\n\t\t\t\n\t\t>\n\n<div class=\"sow-image-container\">\n\t\t<img loading=\"lazy\" decoding=\"async\" src=\"https:\/\/acquafortisastrology.com\/web\/wp-content\/uploads\/2019\/11\/MG_2397-1.jpg\" width=\"1900\" height=\"1267\" srcset=\"https:\/\/acquafortisastrology.com\/web\/wp-content\/uploads\/2019\/11\/MG_2397-1.jpg 1900w, https:\/\/acquafortisastrology.com\/web\/wp-content\/uploads\/2019\/11\/MG_2397-1-300x200.jpg 300w, https:\/\/acquafortisastrology.com\/web\/wp-content\/uploads\/2019\/11\/MG_2397-1-1024x683.jpg 1024w, https:\/\/acquafortisastrology.com\/web\/wp-content\/uploads\/2019\/11\/MG_2397-1-768x512.jpg 768w, https:\/\/acquafortisastrology.com\/web\/wp-content\/uploads\/2019\/11\/MG_2397-1-600x400.jpg 600w, https:\/\/acquafortisastrology.com\/web\/wp-content\/uploads\/2019\/11\/MG_2397-1-1536x1024.jpg 1536w, https:\/\/acquafortisastrology.com\/web\/wp-content\/uploads\/2019\/11\/MG_2397-1-272x182.jpg 272w\" sizes=\"auto, (max-width: 1900px) 100vw, 1900px\" title=\"Hilary Spiteri\" alt=\"\" \t\tclass=\"so-widget-image no-lazyload\"\/>\n\t<\/div>\n\n<\/div><\/div><\/div><div id=\"pgc-w63c3c845d07f0-1-2\"  class=\"panel-grid-cell panel-grid-cell-empty\" ><\/div><\/div><div id=\"pg-w63c3c845d07f0-2\"  class=\"panel-grid panel-has-style\" ><div id=\"hide\" class=\"panel-row-style panel-row-style-for-w63c3c845d07f0-2\" ><div id=\"pgc-w63c3c845d07f0-2-0\"  class=\"panel-grid-cell panel-grid-cell-empty\" ><\/div><div id=\"pgc-w63c3c845d07f0-2-1\"  class=\"panel-grid-cell panel-grid-cell-mobile-last\" ><div id=\"panel-w63c3c845d07f0-2-1-0\" class=\"so-panel widget widget_sow-editor panel-first-child panel-last-child\" data-index=\"2\" ><div class=\"panel-widget-style panel-widget-style-for-w63c3c845d07f0-2-1-0\" ><div\n\t\t\t\n\t\t\tclass=\"so-widget-sow-editor so-widget-sow-editor-base\"\n\t\t\t\n\t\t>\n<div class=\"siteorigin-widget-tinymce textwidget\">\n\t<p style=\"text-align: center;\">CURRICULUM<\/p>\n<p style=\"text-align: center;\">[Rich_Web_Timeline id=\"1\"]<\/p>\n<\/div>\n<\/div><\/div><\/div><\/div><div id=\"pgc-w63c3c845d07f0-2-2\"  class=\"panel-grid-cell panel-grid-cell-empty\" ><\/div><\/div><\/div><div id=\"pg-w63c3c845d07f0-3\"  class=\"panel-grid panel-no-style\" ><div id=\"pgc-w63c3c845d07f0-3-0\"  class=\"panel-grid-cell panel-grid-cell-empty\" ><\/div><div id=\"pgc-w63c3c845d07f0-3-1\"  class=\"panel-grid-cell panel-grid-cell-mobile-last\" ><div id=\"panel-w63c3c845d07f0-3-1-0\" class=\"so-panel widget widget_sow-editor panel-first-child panel-last-child\" data-index=\"3\" ><div class=\"panel-widget-style panel-widget-style-for-w63c3c845d07f0-3-1-0\" ><div\n\t\t\t\n\t\t\tclass=\"so-widget-sow-editor so-widget-sow-editor-base\"\n\t\t\t\n\t\t>\n<div class=\"siteorigin-widget-tinymce textwidget\">\n\t<p>Quando mi hanno detto che dovevo scrivere qualcosa su di me mi sono sentita molto perplessa perch\u00e9 da qualche parte dentro di me quella frase \u201cdire qualcosa su di me\u201d era diventata \u201cchi sono?\u201d<\/p>\n<p>E credetemi quando dico che non ho idea. Per cui comincer\u00f2 con la cosa pi\u00f9 ovvia per una astrologa, la mia data di nascita.<\/p>\n<p>Sono venuta al mondo il 30 di Agosto 1972, quando il Sole stava pian piano smorzandosi ad ovest dando un p\u00f2 di tregua a i caldi giorni d\u2019estati sull\u2019isola di Malta.<\/p>\n<p>Mia madre stava passeggiando tranquillamente vicino al mare quando gli comincio il travaglio e mio padre ha dovuto portarla di corsa all\u2019ospedale.<\/p>\n<p>Sono quasi nata nel corridoio dell\u2019ospedale.<\/p>\n<p>Con molto affetto mi piace dire che ho sentito il rumore del mare che abbracciava le scogliere, mi sono innamorata del suono e decisi che era un buon giorno per nascere di nuovo.<\/p>\n<p>E forse questa connessione fisica cosi grezza con la Terra che a influenzato e continua da influenzare l\u2019andamento della mia vita.<\/p>\n<p>Sono stata fortunata a nascere nella parte rurale di una piccola cittadina in stretto contatto con i contadini. Dove il camminare a piedi nudi sulla terra, alzarsi presto la mattina per cogliere la verdura, vedere nascere e morire gli animali e godere di un cielo stellato immenso senza inquinamento luminoso, erano parte della mia infanzia.<\/p>\n<p>Ho avuto il privilegio di nascere in una isola piena di storia e di influenze culturali diversi fra di loro.<\/p>\n<p>Era normalissimo ogni giorno camminare dentro o vicino i numerosi Tempi Megalitici che hanno almeno 1000 anni in pi\u00f9 delle piramidi d\u2019Egitto. Come passare vicino a strutture costruiti da i Fenici, Greci, Romani, Arabi, Cavalieri di Malta e l\u2019Impero Britannico.<\/p>\n<p>Non ho mai perso quella connessione con la Terra anche se ho rischiato pi\u00f9 volte di perderla.<\/p>\n<p>Questa connessione \u00e8 come il cordone ombelicale che mi lega al Divino e fa di me un Animista convinta nel cuore.<\/p>\n<p>Mi sono sentita figlia della Terra e del Cielo Stellato.<\/p>\n<p>Crescendo sono diventata molto curiosa, chiedendo sempre mille domande causando non poca disperazione a i mi vecchi e recenti insegnanti.<\/p>\n<p>Questa curiosit\u00e0 mi ha portato a studiare e continuare a studiare pi\u00f9 cose e di nature diverse. Connettere i puntini fra la varie materie che studio \u00e8 una delle mie passioni nella vita.<\/p>\n<p>Non ho avuto problemi a studiare varie lingue, imparare la musica classica, partecipare a sport agonistici (quando le donne era pochissime) e allo stesso tempo imparare la scienza e la medicina istituzionale e complementare.<\/p>\n<p>Ufficialmente mi sono laureata come Farmacista alla Universit\u00e0 di Malta ormai pi\u00f9 di vent\u2019anni fa e ho continuato i miei studi in Chimica e Tecnologie Farmaceutiche alla Universit\u00e0 di La Sapienza a Roma.<\/p>\n<p>In quel periodo ho incontrato l\u2019omeopatia e lo studiata in varie scuole e nel fra tempo ho approfondito i miei studi di medicine complementari.<\/p>\n<p>Sempre in quel periodo ho cominciato a lavorare come consulente per una azienda farmaceutica omeopatica.<\/p>\n<p>Con il senno del poi, quei 15 anni sono stati fondamentali nella mia vita e mi hanno fatto diventare chi sono ora.<\/p>\n<p>In quel periodo ho combattuto e con il tempo ho accetto la mia omosessualit\u00e0, ho cominciato a studiare materiale esoterico e quando meno lo aspettavo mi sono innamorata della astrologia.<\/p>\n<p>E da li la mia vita entro in un turbinio di eventi a non finire.<\/p>\n<p>Ho cominciato a studiare l\u2019astrologia moderna con la <a href=\"https:\/\/www.astrology.org.uk\">Faculty of Astrology<\/a> <span class=\"Apple-converted-space\">\u00a0<\/span>dove ho poi preso il Certificate.<\/p>\n<p>Per\u00f2 la mia salute ha cominciato a deteriorasi velocemente e ho lasciato il mio lavoro da consulente.<\/p>\n<p>Ho pensato di continuare i miei studi in astrologia moderna e diventare un\u2019astrologa professionista ma nella astrologia moderna mi mancava qualcosa, almeno per me\u2026quella connessione viscerale con la Terra.<\/p>\n<p>Nel periodo che ne segui non c\u2019era un aspetto della mia vita che non fu messo sotto sopra.<\/p>\n<p>Ho cominciato ad avere dei sogni ripetuti dove io entravo in un tempio antico egizio e di un simbolo fatto di un cerchio con delle corna che lo contornavano.<\/p>\n<p>Una serie di eventi mi portarono alla astrologia tradizionale. E il mio mondo astrologico sub\u00ec un terremoto. Ho dovuto disimparare il linguaggio delle stelle che conoscevo per impararne uno nuovo, pi\u00f9 antico.<\/p>\n<p>I miei studi di astrologia antica mi portarono eventualmente a Chris Brennan e al suo corso di astrologia Ellenistica\u2026ed a quel Tempio che io sognavo.<\/p>\n<p>Durante i miei studi di astrologia Ellenistica ho scoperto che il primo zodiaco occidentale fu dipinto per la prima volta nel Tempio di Hathor a Dendera in Egitto.<\/p>\n<p>Fu uno di quei momenti rari e magici nella vita dove il tutto era semplicemente connesso.<\/p>\n<p>Il mio cuore da animista e la mia mente alchemica si incontrarono sereni a piedi di Hathor.<\/p>\n<p>E questa \u00e8 la storia che mi ha portato fino a qui.<\/p>\n<p>Cosa succeder\u00e0 da qui in avanti non lo so. Sono sicura che la vita continuer\u00e0 a stupirmi nel bene e nel male.<\/p>\n<p>Sicuramente fa parte del piano continuare a studiare e a ricevere clienti come astrologa professionista.<\/p>\n<p>Detto ci\u00f2 non immaginate che ora ho capito tutta la mia vita, so perfettamente chi sono e dove la vita mi sta portando. Manco per idea!<\/p>\n<p>Quello che so con pi\u00f9 certezza di prima che sono nel posto giusto e nel tempo giusto facendo quello che ritengo giusto per me in questo momento.<\/p>\n<p>Per il resto rimango sempre quello figlia della Terra e il Cielo Stellato.<\/p>\n<p>Come \u00e8 di tradizione nella astrologia antica lo studente rende omaggio agli insegnanti che lo hanno portato fino a qui.<\/p>\n<p>Con questo voglio ringraziare gli insegnanti della <a href=\"https:\/\/www.astrology.org.uk\">Faculty of Astrology<\/a>\u00a0 (astrologia moderna), <a href=\"https:\/\/www.zodiachealing.com\">Helen Treemer<\/a>\u00a0(astrologia moderna) e <a href=\"https:\/\/donnaphilosophica.com\">Donna Woodwell<\/a> \u00a0(astrologia sciamanica antica).<\/p>\n<p>Voglio rendere omaggio a i miei insegnanti di oggi: <a href=\"http:\/\/www.chrisbrennanastrologer.com\">Chris Brennan<\/a> (Astrologia Ellenistica), <a href=\"https:\/\/austincoppock.com)\">Austin Coppock<\/a> \u00a0(astrologia tradizionale e magia antica) e tutti gli insegnanti alla <a href=\"https:\/\/sta.co\">School of Traditional Astrology<\/a> \u00a0o la cos\u00ec detta STA (astrologia oraria tradizionale lignaggio William Lilly e astrologia medica classica)<\/p>\n<p>Benvenuti alla mia avventura su questa Terra.<\/p>\n<\/div>\n<\/div><\/div><\/div><\/div><div id=\"pgc-w63c3c845d07f0-3-2\"  class=\"panel-grid-cell panel-grid-cell-empty\" ><\/div><\/div><div id=\"pg-w63c3c845d07f0-4\"  class=\"panel-grid panel-no-style\" ><div id=\"pgc-w63c3c845d07f0-4-0\"  class=\"panel-grid-cell panel-grid-cell-empty\" ><\/div><div id=\"pgc-w63c3c845d07f0-4-1\"  class=\"panel-grid-cell panel-grid-cell-empty\" ><\/div><div id=\"pgc-w63c3c845d07f0-4-2\"  class=\"panel-grid-cell\" ><div id=\"panel-w63c3c845d07f0-4-2-0\" class=\"widget_text so-panel widget widget_custom_html panel-first-child panel-last-child\" data-index=\"4\" ><div class=\"textwidget custom-html-widget\"><div style=\"width:100%; text-align: center;\">\n\t<a href=\"https:\/\/acquafortisastrology.com\/web\/it\/servizi\/\" target=\"blank\" title=\"servizi\">\n\t<div style=\"font-size: 1.5em;\">\n\t\t<p>\n\t\t\tServizi\n\t\t<\/p>\n\t\t<\/div>\n\t<\/a>\n<\/div><\/div><\/div><\/div><div id=\"pgc-w63c3c845d07f0-4-3\"  class=\"panel-grid-cell panel-grid-cell-mobile-last\" ><div id=\"panel-w63c3c845d07f0-4-3-0\" class=\"widget_text so-panel widget widget_custom_html panel-first-child panel-last-child\" data-index=\"5\" ><div class=\"textwidget custom-html-widget\"><div style=\"width:100%; text-align: center;\">\n\t<a href=\"https:\/\/acquafortisastrology.com\/web\/it\/nuoviservizi\/\" target=\"blank\" title=\"servizi di astrologia medica\">\n\t<div style=\"font-size: 1.5em;\">\n\t\t<p>\n\t\t\tAstrologia Medica\n\t\t<\/p>\n\t\t<\/div>\n\t<\/a>\n<\/div><\/div><\/div><\/div><div id=\"pgc-w63c3c845d07f0-4-4\"  class=\"panel-grid-cell panel-grid-cell-empty\" ><\/div><\/div><\/div><\/div><\/div><\/div><\/div><\/div>","protected":false},"excerpt":{"rendered":"<p>Chi sono CURRICULUM [Rich_Web_Timeline id=&#8221;1&#8243;] Quando mi hanno detto che dovevo scrivere qualcosa su di me mi sono sentita molto perplessa perch\u00e9 da qualche parte dentro di me quella frase \u201cdire qualcosa su di me\u201d era diventata \u201cchi sono?\u201d E credetemi quando dico che non ho idea. Per cui comincer\u00f2 con la cosa pi\u00f9 ovvia &#8230; <a title=\"Chi sono\" class=\"read-more\" href=\"https:\/\/acquafortisastrology.com\/web\/it\/bio\/\" aria-label=\"Per saperne di pi\u00f9 su Chi sono\">Leggi tutto<\/a><\/p>\n","protected":false},"author":1,"featured_media":0,"parent":0,"menu_order":0,"comment_status":"closed","ping_status":"closed","template":"","meta":{"footnotes":""},"class_list":["post-19","page","type-page","status-publish"],"aioseo_notices":[],"_links":{"self":[{"href":"https:\/\/acquafortisastrology.com\/web\/wp-json\/wp\/v2\/pages\/19","targetHints":{"allow":["GET"]}}],"collection":[{"href":"https:\/\/acquafortisastrology.com\/web\/wp-json\/wp\/v2\/pages"}],"about":[{"href":"https:\/\/acquafortisastrology.com\/web\/wp-json\/wp\/v2\/types\/page"}],"author":[{"embeddable":true,"href":"https:\/\/acquafortisastrology.com\/web\/wp-json\/wp\/v2\/users\/1"}],"replies":[{"embeddable":true,"href":"https:\/\/acquafortisastrology.com\/web\/wp-json\/wp\/v2\/comments?post=19"}],"version-history":[{"count":75,"href":"https:\/\/acquafortisastrology.com\/web\/wp-json\/wp\/v2\/pages\/19\/revisions"}],"predecessor-version":[{"id":1634,"href":"https:\/\/acquafortisastrology.com\/web\/wp-json\/wp\/v2\/pages\/19\/revisions\/1634"}],"wp:attachment":[{"href":"https:\/\/acquafortisastrology.com\/web\/wp-json\/wp\/v2\/media?parent=19"}],"curies":[{"name":"wp","href":"https:\/\/api.w.org\/{rel}","templated":true}]}}